{"id":22291,"date":"2025-12-01T04:17:25","date_gmt":"2025-12-01T03:17:25","guid":{"rendered":"https:\/\/solocosas.com\/webn\/?post_type=product&#038;p=22291"},"modified":"2025-12-06T12:03:00","modified_gmt":"2025-12-06T11:03:00","slug":"reloj-inteligente-fyllex","status":"publish","type":"product","link":"https:\/\/solocosas.com\/webn\/product\/reloj-inteligente-fyllex\/","title":{"rendered":"Reloj Inteligente Fyllex"},"content":{"rendered":"","protected":false},"excerpt":{"rendered":"<p class=\"prodDescr\">Reloj inteligente t\u00e1ctil.\u00a0Funciones: medici\u00f3n de frecuencia card\u00edaca, ox\u00edgeno en sangre, presi\u00f3n arterial.\u00a0Modo de control: toque completo.\u00a0Compatibilidad: IOS y Android.\u00a0Bluetooth:\u00a0 5.0.\u00a0Funciones extra: llamadas y m\u00fasica, registro de movimiento, modo deportivo, recordatorio sedentario, monitoreo del sue\u00f1o, clima, cron\u00f3metro, calculadora.\u00a0Carga inal\u00e1mbrica. Bater\u00eda: 160 mAh.\u00a0Tiempo de carga: 2 horas.\u00a0Duraci\u00f3n bater\u00eda: 1-2 d\u00edas.\u00a0Funciona con app FitPro.\u00a0Empaque caja individual.<br \/>\nMedidas Caja: 13.9 cm x 8.8 cm x 3 cm.<br \/>\nMarca: Sin marca.<\/p>\n<p><a href=\"https:\/\/tipoink.cataprom.com\/documents\/FICHAS\/TE-669.pdf\">Ficha T\u00e9cnica<\/a><\/p>\n<div class=\"tableEmbalaje\">\n<table class=\"table-list\" width=\"90%\">\n<tbody>\n<tr>\n<td valign=\"top\">Unidades por Caja:<\/td>\n<td valign=\"top\">100\u00a0\u00a0\u00a0Unidades<\/td>\n<\/tr>\n<tr>\n<td valign=\"top\">Empaque:<\/td>\n<td valign=\"top\">46,0\u00a0\u00a0\u00a0\u00a0X\u00a033,5\u00a0X\u00a031,0\u00a0\/\u00a08,7 Kg<\/td>\n<\/tr>\n<\/tbody>\n<\/table>\n<\/div>\n","protected":false},"featured_media":22274,"comment_status":"open","ping_status":"closed","template":"","meta":[],"product_brand":[],"product_cat":[75],"product_tag":[],"class_list":{"0":"post-22291","1":"product","2":"type-product","3":"status-publish","4":"has-post-thumbnail","6":"product_cat-novedades","8":"first","9":"instock","10":"taxable","11":"shipping-taxable","12":"purchasable","13":"product-type-simple"},"aioseo_notices":[],"_links":{"self":[{"href":"https:\/\/solocosas.com\/webn\/wp-json\/wp\/v2\/product\/22291","targetHints":{"allow":["GET"]}}],"collection":[{"href":"https:\/\/solocosas.com\/webn\/wp-json\/wp\/v2\/product"}],"about":[{"href":"https:\/\/solocosas.com\/webn\/wp-json\/wp\/v2\/types\/product"}],"replies":[{"embeddable":true,"href":"https:\/\/solocosas.com\/webn\/wp-json\/wp\/v2\/comments?post=22291"}],"version-history":[{"count":0,"href":"https:\/\/solocosas.com\/webn\/wp-json\/wp\/v2\/product\/22291\/revisions"}],"wp:featuredmedia":[{"embeddable":true,"href":"https:\/\/solocosas.com\/webn\/wp-json\/wp\/v2\/media\/22274"}],"wp:attachment":[{"href":"https:\/\/solocosas.com\/webn\/wp-json\/wp\/v2\/media?parent=22291"}],"wp:term":[{"taxonomy":"product_brand","embeddable":true,"href":"https:\/\/solocosas.com\/webn\/wp-json\/wp\/v2\/product_brand?post=22291"},{"taxonomy":"product_cat","embeddable":true,"href":"https:\/\/solocosas.com\/webn\/wp-json\/wp\/v2\/product_cat?post=22291"},{"taxonomy":"product_tag","embeddable":true,"href":"https:\/\/solocosas.com\/webn\/wp-json\/wp\/v2\/product_tag?post=22291"}],"curies":[{"name":"wp","href":"https:\/\/api.w.org\/{rel}","templated":true}]}}