{"id":21812,"date":"2025-02-06T10:24:22","date_gmt":"2025-02-06T10:24:22","guid":{"rendered":"https:\/\/zagg.bzotech.com\/?post_type=product&#038;p=21812"},"modified":"2025-12-06T12:03:00","modified_gmt":"2025-12-06T11:03:00","slug":"rastreador-airtag-boomcard","status":"publish","type":"product","link":"https:\/\/solocosas.com\/webn\/product\/rastreador-airtag-boomcard\/","title":{"rendered":"Rastreador Airtag Boomcard"},"content":{"rendered":"","protected":false},"excerpt":{"rendered":"<p class=\"prodDescr\">Rastreador universal pl\u00e1stico Bluetooth, hecho de residuos reciclados recuperados del oc\u00e9ano, para llaves, carteras, mascotas, veh\u00edculos, equipaje y otros art\u00edculos. Permite ver la ubicaci\u00f3n de los art\u00edculos en tiempo real. Compatible con IOS y Android. Resistente al agua (no sumergible), tecnolog\u00eda IPX7. La bater\u00eda le dura hasta 5 meses con una sola carga. Carga inal\u00e1mbrica. Empaque caja individual.<br \/>\nNOTA: Este producto tiene garant\u00eda de 30 d\u00edas por defectos de f\u00e1brica.<br \/>\nMedidas Caja: 11.2 cm x 11.2 cm x 1.5 cm.<br \/>\nMarca: Sin Marca<br \/>\n<a href=\"https:\/\/youtu.be\/ScHg7f73nrY\"><br \/>\n<strong>Ver Video<\/strong><\/a><\/p>\n<p><a href=\"https:\/\/www.catalogospromocionales.com\/documents\/FICHAS\/BP-30.pdf\">Ficha T\u00e9cnica<\/a><\/p>\n<div class=\"tableEmbalaje\">\n<table class=\"table-list\" width=\"90%\">\n<tbody>\n<tr>\n<td valign=\"top\">Unidades por Caja:<\/td>\n<td valign=\"top\">72\u00a0\u00a0\u00a0Unidades<\/td>\n<\/tr>\n<tr>\n<td valign=\"top\">Empaque:<\/td>\n<td valign=\"top\">35,5\u00a0\u00a0\u00a0\u00a0X\u00a026,0\u00a0X\u00a030,0\u00a0\/\u00a06,2 Kg<\/td>\n<\/tr>\n<\/tbody>\n<\/table>\n<\/div>\n","protected":false},"featured_media":21990,"comment_status":"open","ping_status":"closed","template":"","meta":[],"product_brand":[],"product_cat":[75],"product_tag":[],"class_list":{"0":"post-21812","1":"product","2":"type-product","3":"status-publish","4":"has-post-thumbnail","6":"product_cat-novedades","8":"first","9":"instock","10":"taxable","11":"shipping-taxable","12":"purchasable","13":"product-type-simple"},"aioseo_notices":[],"_links":{"self":[{"href":"https:\/\/solocosas.com\/webn\/wp-json\/wp\/v2\/product\/21812","targetHints":{"allow":["GET"]}}],"collection":[{"href":"https:\/\/solocosas.com\/webn\/wp-json\/wp\/v2\/product"}],"about":[{"href":"https:\/\/solocosas.com\/webn\/wp-json\/wp\/v2\/types\/product"}],"replies":[{"embeddable":true,"href":"https:\/\/solocosas.com\/webn\/wp-json\/wp\/v2\/comments?post=21812"}],"version-history":[{"count":0,"href":"https:\/\/solocosas.com\/webn\/wp-json\/wp\/v2\/product\/21812\/revisions"}],"wp:featuredmedia":[{"embeddable":true,"href":"https:\/\/solocosas.com\/webn\/wp-json\/wp\/v2\/media\/21990"}],"wp:attachment":[{"href":"https:\/\/solocosas.com\/webn\/wp-json\/wp\/v2\/media?parent=21812"}],"wp:term":[{"taxonomy":"product_brand","embeddable":true,"href":"https:\/\/solocosas.com\/webn\/wp-json\/wp\/v2\/product_brand?post=21812"},{"taxonomy":"product_cat","embeddable":true,"href":"https:\/\/solocosas.com\/webn\/wp-json\/wp\/v2\/product_cat?post=21812"},{"taxonomy":"product_tag","embeddable":true,"href":"https:\/\/solocosas.com\/webn\/wp-json\/wp\/v2\/product_tag?post=21812"}],"curies":[{"name":"wp","href":"https:\/\/api.w.org\/{rel}","templated":true}]}}