{"id":21810,"date":"2025-02-06T10:22:28","date_gmt":"2025-02-06T10:22:28","guid":{"rendered":"https:\/\/zagg.bzotech.com\/?post_type=product&#038;p=21810"},"modified":"2025-12-06T17:53:11","modified_gmt":"2025-12-06T16:53:11","slug":"reloj-inteligente-timothy-ii","status":"publish","type":"product","link":"https:\/\/solocosas.com\/webn\/product\/reloj-inteligente-timothy-ii\/","title":{"rendered":"Reloj Inteligente Timothy II"},"content":{"rendered":"","protected":false},"excerpt":{"rendered":"<p class=\"prodDescr\">Reloj inteligente t\u00e1ctil de pantalla completa. Para sistemas operativos: IOS 9.0 y superior, Android 5.0 y superior. Bluetooth: 3.0\/4.0. Funciones: llamadas, alertas de mensajes, m\u00fasica, modo deportivo, recordatorio sedentario, monitoreo del sue\u00f1o, medici\u00f3n de frecuencia cardiaca, clima, cronometro, remoto para la c\u00e1mara del celular. Incluye cable para carga inal\u00e1mbrica. 2 correas en caucho intercambiables. Capacidad de la bater\u00eda: 230mAH. El tiempo estimado de recarga de la bater\u00eda es de aprox. 3 a 4 horas.\u00a0 El tiempo estimado de duraci\u00f3n de la carga en condiciones normales es de alrededor 96 horas.\u00a0 Sin embargo, si est\u00e1 en constante uso de sus funciones interactivas y el altavoz est\u00e1 activado, entonces el tiempo de funcionamiento ser\u00e1 diferente, ya que se consumir\u00e1 m\u00e1s bater\u00eda y su durabilidad se reducir\u00e1.<br \/>\nEmpaque Caja Individual.<\/p>\n<p>Medidas Caja: 19.8 cm x 9.8 cm x 2. 3 cm.<br \/>\nSin Marca.<\/p>\n<p>Advertencia: Tener en cuenta que el reloj se puede calentar de manera considerable, debido a la potencia del cargador. Esto no afecta el funcionamiento del reloj.<\/p>\n<p><a href=\"https:\/\/www.catalogospromocionales.com\/documents\/FICHAS\/CP-328-1.pdf\">Ficha T\u00e9cnica<\/a><\/p>\n<div class=\"tableEmbalaje\">\n<table class=\"table-list\" width=\"90%\">\n<tbody>\n<tr>\n<td valign=\"top\">Unidades por Caja:<\/td>\n<td valign=\"top\">100\u00a0\u00a0\u00a0Unidades<\/td>\n<\/tr>\n<tr>\n<td valign=\"top\">Empaque:<\/td>\n<td valign=\"top\">44,5\u00a0\u00a0\u00a0\u00a0X\u00a034,0\u00a0X\u00a029,5\u00a0\/\u00a09,0 Kg<\/td>\n<\/tr>\n<\/tbody>\n<\/table>\n<\/div>\n","protected":false},"featured_media":21995,"comment_status":"open","ping_status":"closed","template":"","meta":[],"product_brand":[],"product_cat":[83],"product_tag":[],"class_list":{"0":"post-21810","1":"product","2":"type-product","3":"status-publish","4":"has-post-thumbnail","6":"product_cat-relojes","8":"first","9":"instock","10":"taxable","11":"shipping-taxable","12":"purchasable","13":"product-type-simple"},"aioseo_notices":[],"_links":{"self":[{"href":"https:\/\/solocosas.com\/webn\/wp-json\/wp\/v2\/product\/21810","targetHints":{"allow":["GET"]}}],"collection":[{"href":"https:\/\/solocosas.com\/webn\/wp-json\/wp\/v2\/product"}],"about":[{"href":"https:\/\/solocosas.com\/webn\/wp-json\/wp\/v2\/types\/product"}],"replies":[{"embeddable":true,"href":"https:\/\/solocosas.com\/webn\/wp-json\/wp\/v2\/comments?post=21810"}],"version-history":[{"count":0,"href":"https:\/\/solocosas.com\/webn\/wp-json\/wp\/v2\/product\/21810\/revisions"}],"wp:featuredmedia":[{"embeddable":true,"href":"https:\/\/solocosas.com\/webn\/wp-json\/wp\/v2\/media\/21995"}],"wp:attachment":[{"href":"https:\/\/solocosas.com\/webn\/wp-json\/wp\/v2\/media?parent=21810"}],"wp:term":[{"taxonomy":"product_brand","embeddable":true,"href":"https:\/\/solocosas.com\/webn\/wp-json\/wp\/v2\/product_brand?post=21810"},{"taxonomy":"product_cat","embeddable":true,"href":"https:\/\/solocosas.com\/webn\/wp-json\/wp\/v2\/product_cat?post=21810"},{"taxonomy":"product_tag","embeddable":true,"href":"https:\/\/solocosas.com\/webn\/wp-json\/wp\/v2\/product_tag?post=21810"}],"curies":[{"name":"wp","href":"https:\/\/api.w.org\/{rel}","templated":true}]}}