{"id":21807,"date":"2025-02-06T10:19:22","date_gmt":"2025-02-06T10:19:22","guid":{"rendered":"https:\/\/zagg.bzotech.com\/?post_type=product&#038;p=21807"},"modified":"2025-12-02T18:48:18","modified_gmt":"2025-12-02T17:48:18","slug":"audifonos-bluetooth-tron","status":"publish","type":"product","link":"https:\/\/solocosas.com\/webn\/product\/audifonos-bluetooth-tron\/","title":{"rendered":"Audifonos Bluetooth Tron"},"content":{"rendered":"","protected":false},"excerpt":{"rendered":"<p class=\"prodDescr\">Aud\u00edfonos pl\u00e1sticos Bluetooth. Con estuche port\u00e1til y display LCD de recarga de 2.000mAh que muestra el nivel de carga. Voltaje de funcionamiento: DC5V, Resistente a salpicaduras IPX7, Reducci\u00f3n de ruido CVC8.0. Capacidad de la bater\u00eda: 50mAh \/ 2.000mAh. Tiempo de trabajo: Carcasa: hasta 30-40 recargas de los aud\u00edfonos cada vez (estimado), Aud\u00edfonos 3 horas. Versi\u00f3n de Bluetooth: V5.1+EDR. L\u00ednea de transmisi\u00f3n:&gt;10 M. Funciona como manos libres. Empaque caja individual.<br \/>\nMedidas: 8 cm x 5 cm x 3 cm<br \/>\nMarca: 4 cm \/ Tampograf\u00eda en el estuche<\/p>\n<p><a href=\"https:\/\/tipoink.cataprom.com\/documents\/FICHAS\/TE-442.pdf\" target=\"_blank\" rel=\"noopener\">Ficha T\u00e9cnica<\/a><\/p>\n<div class=\"tableEmbalaje\">\n<table class=\"table-list\" width=\"90%\">\n<tbody>\n<tr>\n<td valign=\"top\">Unidades por Caja:<\/td>\n<td valign=\"top\">100\u00a0\u00a0\u00a0Unidades<\/td>\n<\/tr>\n<tr>\n<td valign=\"top\">Empaque:<\/td>\n<td valign=\"top\">45,0\u00a0\u00a0\u00a0\u00a0X\u00a025,0\u00a0X\u00a053,0\u00a0\/\u00a014,0 Kg<\/td>\n<\/tr>\n<\/tbody>\n<\/table>\n<\/div>\n","protected":false},"featured_media":22206,"comment_status":"open","ping_status":"closed","template":"","meta":[],"product_brand":[],"product_cat":[66],"product_tag":[],"class_list":{"0":"post-21807","1":"product","2":"type-product","3":"status-publish","4":"has-post-thumbnail","6":"product_cat-audifonos","8":"first","9":"instock","10":"taxable","11":"shipping-taxable","12":"purchasable","13":"product-type-simple"},"aioseo_notices":[],"_links":{"self":[{"href":"https:\/\/solocosas.com\/webn\/wp-json\/wp\/v2\/product\/21807","targetHints":{"allow":["GET"]}}],"collection":[{"href":"https:\/\/solocosas.com\/webn\/wp-json\/wp\/v2\/product"}],"about":[{"href":"https:\/\/solocosas.com\/webn\/wp-json\/wp\/v2\/types\/product"}],"replies":[{"embeddable":true,"href":"https:\/\/solocosas.com\/webn\/wp-json\/wp\/v2\/comments?post=21807"}],"version-history":[{"count":0,"href":"https:\/\/solocosas.com\/webn\/wp-json\/wp\/v2\/product\/21807\/revisions"}],"wp:featuredmedia":[{"embeddable":true,"href":"https:\/\/solocosas.com\/webn\/wp-json\/wp\/v2\/media\/22206"}],"wp:attachment":[{"href":"https:\/\/solocosas.com\/webn\/wp-json\/wp\/v2\/media?parent=21807"}],"wp:term":[{"taxonomy":"product_brand","embeddable":true,"href":"https:\/\/solocosas.com\/webn\/wp-json\/wp\/v2\/product_brand?post=21807"},{"taxonomy":"product_cat","embeddable":true,"href":"https:\/\/solocosas.com\/webn\/wp-json\/wp\/v2\/product_cat?post=21807"},{"taxonomy":"product_tag","embeddable":true,"href":"https:\/\/solocosas.com\/webn\/wp-json\/wp\/v2\/product_tag?post=21807"}],"curies":[{"name":"wp","href":"https:\/\/api.w.org\/{rel}","templated":true}]}}