{"id":21795,"date":"2025-02-06T10:02:43","date_gmt":"2025-02-06T10:02:43","guid":{"rendered":"https:\/\/zagg.bzotech.com\/?post_type=product&#038;p=21795"},"modified":"2025-12-01T05:41:39","modified_gmt":"2025-12-01T04:41:39","slug":"cargador-inalambrico-magnet-3-1","status":"publish","type":"product","link":"https:\/\/solocosas.com\/webn\/product\/cargador-inalambrico-magnet-3-1\/","title":{"rendered":"Cargador Inal\u00e1mbrico M\u00e1gnet 3-1"},"content":{"rendered":"","protected":false},"excerpt":{"rendered":"<p class=\"prodDescr\">Cargador inal\u00e1mbrico plegable 3 en 1, en pl\u00e1stico y silicona. Con m\u00f3dulos de carga individuales para tel\u00e9fono de 15W, reloj inteligente de 2W y aud\u00edfonos de 5W. Compatible con dispositivos equipados con tecnolog\u00eda de carga inal\u00e1mbrica. Empaque caja individual.<br \/>\nMedidas Cerrado: 8 cm x 7.5 cm<br \/>\nMarca: 4 cm \/ L\u00e1ser (Yag)<\/p>\n<div class=\"tableEmbalaje\">\n<table class=\"table-list\" width=\"90%\">\n<tbody>\n<tr>\n<td valign=\"top\">Unidades por Caja:<\/td>\n<td valign=\"top\">50\u00a0\u00a0\u00a0Unidades<\/td>\n<\/tr>\n<tr>\n<td valign=\"top\">Empaque:<\/td>\n<td valign=\"top\">44,2\u00a0\u00a0\u00a0\u00a0X\u00a027,3\u00a0X\u00a012,0\u00a0\/\u00a07,2 Kg<\/td>\n<\/tr>\n<\/tbody>\n<\/table>\n<\/div>\n","protected":false},"featured_media":22209,"comment_status":"open","ping_status":"closed","template":"","meta":[],"product_brand":[],"product_cat":[67],"product_tag":[],"class_list":{"0":"post-21795","1":"product","2":"type-product","3":"status-publish","4":"has-post-thumbnail","6":"product_cat-cargadores","8":"first","9":"instock","10":"taxable","11":"shipping-taxable","12":"purchasable","13":"product-type-simple"},"aioseo_notices":[],"_links":{"self":[{"href":"https:\/\/solocosas.com\/webn\/wp-json\/wp\/v2\/product\/21795","targetHints":{"allow":["GET"]}}],"collection":[{"href":"https:\/\/solocosas.com\/webn\/wp-json\/wp\/v2\/product"}],"about":[{"href":"https:\/\/solocosas.com\/webn\/wp-json\/wp\/v2\/types\/product"}],"replies":[{"embeddable":true,"href":"https:\/\/solocosas.com\/webn\/wp-json\/wp\/v2\/comments?post=21795"}],"version-history":[{"count":0,"href":"https:\/\/solocosas.com\/webn\/wp-json\/wp\/v2\/product\/21795\/revisions"}],"wp:featuredmedia":[{"embeddable":true,"href":"https:\/\/solocosas.com\/webn\/wp-json\/wp\/v2\/media\/22209"}],"wp:attachment":[{"href":"https:\/\/solocosas.com\/webn\/wp-json\/wp\/v2\/media?parent=21795"}],"wp:term":[{"taxonomy":"product_brand","embeddable":true,"href":"https:\/\/solocosas.com\/webn\/wp-json\/wp\/v2\/product_brand?post=21795"},{"taxonomy":"product_cat","embeddable":true,"href":"https:\/\/solocosas.com\/webn\/wp-json\/wp\/v2\/product_cat?post=21795"},{"taxonomy":"product_tag","embeddable":true,"href":"https:\/\/solocosas.com\/webn\/wp-json\/wp\/v2\/product_tag?post=21795"}],"curies":[{"name":"wp","href":"https:\/\/api.w.org\/{rel}","templated":true}]}}