{"id":16651,"date":"2024-09-18T01:32:38","date_gmt":"2024-09-18T01:32:38","guid":{"rendered":"https:\/\/zagg.bzotech.com\/?post_type=product&#038;p=16651"},"modified":"2025-12-05T11:35:16","modified_gmt":"2025-12-05T10:35:16","slug":"speaker-bluetooth-beach-35-boompods","status":"publish","type":"product","link":"https:\/\/solocosas.com\/webn\/product\/speaker-bluetooth-beach-35-boompods\/","title":{"rendered":"SPEAKER BLUETOOTH BEACH 35 BOOMPODS"},"content":{"rendered":"","protected":false},"excerpt":{"rendered":"<p class=\"prodRef textoColor\">BP-28<\/p>\n<p class=\"prodDescr\">Speaker Bluetooth pl\u00e1stico hecho de residuos reciclados recuperados del oc\u00e9ano, con acabado en tela. 35W y dos bajos pasivos. Resistente al agua (no sumergible), tecnolog\u00eda IPX7. Bater\u00eda de 2600mAh integrada recargable hasta para 12 horas de reproducci\u00f3n y 2.5 horas de carga. Incluye puerto Tipo C para carga. Funciona como manos libres. Empaque caja individual.<br \/>\nMedidas Caja: 27.5 cm x 11 cm x 11 cm.<br \/>\nMarca: Sin Marca.<\/p>\n<p><a href=\"https:\/\/www.catalogospromocionales.com\/documents\/FICHAS\/BP-28.pdf\">Ficha T\u00e9cnica<\/a><\/p>\n<div class=\"tableEmbalaje\">\n<table class=\"table-list\" width=\"90%\">\n<tbody>\n<tr>\n<td valign=\"top\">Unidades por Caja:<\/td>\n<td valign=\"top\">12\u00a0\u00a0\u00a0Unidades<\/td>\n<\/tr>\n<tr>\n<td valign=\"top\">Empaque:<\/td>\n<td valign=\"top\">47,5\u00a0\u00a0\u00a0\u00a0X\u00a036,0\u00a0X\u00a030,5\u00a0\/\u00a016,4 Kg<\/td>\n<\/tr>\n<\/tbody>\n<\/table>\n<\/div>\n","protected":false},"featured_media":21984,"comment_status":"open","ping_status":"closed","template":"","meta":[],"product_brand":[],"product_cat":[72],"product_tag":[],"class_list":{"0":"post-16651","1":"product","2":"type-product","3":"status-publish","4":"has-post-thumbnail","6":"product_cat-speaker-y-parlantes","8":"first","9":"instock","10":"taxable","11":"shipping-taxable","12":"purchasable","13":"product-type-simple"},"aioseo_notices":[],"_links":{"self":[{"href":"https:\/\/solocosas.com\/webn\/wp-json\/wp\/v2\/product\/16651","targetHints":{"allow":["GET"]}}],"collection":[{"href":"https:\/\/solocosas.com\/webn\/wp-json\/wp\/v2\/product"}],"about":[{"href":"https:\/\/solocosas.com\/webn\/wp-json\/wp\/v2\/types\/product"}],"replies":[{"embeddable":true,"href":"https:\/\/solocosas.com\/webn\/wp-json\/wp\/v2\/comments?post=16651"}],"version-history":[{"count":0,"href":"https:\/\/solocosas.com\/webn\/wp-json\/wp\/v2\/product\/16651\/revisions"}],"wp:featuredmedia":[{"embeddable":true,"href":"https:\/\/solocosas.com\/webn\/wp-json\/wp\/v2\/media\/21984"}],"wp:attachment":[{"href":"https:\/\/solocosas.com\/webn\/wp-json\/wp\/v2\/media?parent=16651"}],"wp:term":[{"taxonomy":"product_brand","embeddable":true,"href":"https:\/\/solocosas.com\/webn\/wp-json\/wp\/v2\/product_brand?post=16651"},{"taxonomy":"product_cat","embeddable":true,"href":"https:\/\/solocosas.com\/webn\/wp-json\/wp\/v2\/product_cat?post=16651"},{"taxonomy":"product_tag","embeddable":true,"href":"https:\/\/solocosas.com\/webn\/wp-json\/wp\/v2\/product_tag?post=16651"}],"curies":[{"name":"wp","href":"https:\/\/api.w.org\/{rel}","templated":true}]}}