{"id":3788,"date":"2024-08-06T20:11:09","date_gmt":"2024-08-06T20:11:09","guid":{"rendered":"https:\/\/zagg.bzotech.com\/?page_id=3788"},"modified":"2025-11-28T04:30:27","modified_gmt":"2025-11-28T03:30:27","slug":"contactanos","status":"publish","type":"page","link":"https:\/\/solocosas.com\/webn\/contactanos\/","title":{"rendered":"Cont\u00e1ctanos"},"content":{"rendered":"\t\t<div data-elementor-type=\"wp-page\" data-elementor-id=\"3788\" class=\"elementor elementor-3788\">\n\t\t\t\t<div class=\"elementor-element elementor-element-f7d770d e-flex e-con-boxed e-con e-parent\" data-id=\"f7d770d\" data-element_type=\"container\">\n\t\t\t\t\t<div class=\"e-con-inner\">\n\t\t<div class=\"elementor-element elementor-element-ef2ab7c e-con-full e-flex e-con e-child\" data-id=\"ef2ab7c\" data-element_type=\"container\">\n\t\t\t\t<div class=\"elementor-element elementor-element-b5e2432 elementor-widget elementor-widget-bzotech-breadcrumb-global\" data-id=\"b5e2432\" data-element_type=\"widget\" data-widget_type=\"bzotech-breadcrumb-global.default\">\n\t\t\t\t<div class=\"elementor-widget-container\">\n\t\t\t\t\t<div class=\"elbzotech-bread-crumb-global bread-crumb-global-\">\r\n\t<div class=\"elbzotech-bread-crumb-global__content container-flex-e flex-wrapper\">\r\n\t\t<a class=\"bread-crumb-e\" href=\"https:\/\/solocosas.com\/webn\/\">Casa<\/a>\t<\/div>\r\n<\/div>\t\t\t\t<\/div>\n\t\t\t\t<\/div>\n\t\t\t\t<\/div>\n\t\t\t\t\t<\/div>\n\t\t\t\t<\/div>\n\t\t<div class=\"elementor-element elementor-element-4806233 e-flex e-con-boxed e-con e-parent\" data-id=\"4806233\" data-element_type=\"container\">\n\t\t\t\t\t<div class=\"e-con-inner\">\n\t\t<div class=\"elementor-element elementor-element-81eed2b e-con-full e-flex e-con e-child\" data-id=\"81eed2b\" data-element_type=\"container\">\n\t\t\t\t<div class=\"elementor-element elementor-element-569729a elementor-widget elementor-widget-bzotech-heading-global\" data-id=\"569729a\" data-element_type=\"widget\" data-widget_type=\"bzotech-heading-global.default\">\n\t\t\t\t<div class=\"elementor-widget-container\">\n\t\t\t\t\t<h2 class=\"  container-flex-e elbzotech-heading-global font-title text-css-e font-semibold  title48 color-title elbzotech-heading-global-style1\">Ponte en Contacto con Nosotros<span class=\"type-title_shadow\"><\/span><\/h2>\t\t\t\t<\/div>\n\t\t\t\t<\/div>\n\t\t\t\t<\/div>\n\t\t\t\t\t<\/div>\n\t\t\t\t<\/div>\n\t\t<div class=\"elementor-element elementor-element-c848a95 e-flex e-con-boxed e-con e-parent\" data-id=\"c848a95\" data-element_type=\"container\">\n\t\t\t\t\t<div class=\"e-con-inner\">\n\t\t<div class=\"elementor-element elementor-element-c39c157 e-con-full e-flex e-con e-child\" data-id=\"c39c157\" data-element_type=\"container\">\n\t\t\t\t<div class=\"elementor-element elementor-element-98ec02b elementor-widget elementor-widget-bzotech-heading-global\" data-id=\"98ec02b\" data-element_type=\"widget\" data-widget_type=\"bzotech-heading-global.default\">\n\t\t\t\t<div class=\"elementor-widget-container\">\n\t\t\t\t\t<h2 class=\"  container-flex-e elbzotech-heading-global font-title text-css-e font-semibold  title48 color-title elbzotech-heading-global-style1\">\u00a1Nos encantar\u00eda saber de ti! Estamos disponibles de lunes a viernes de 9:00 am - 6:00 pm.<span class=\"type-title_shadow\"><\/span><\/h2>\t\t\t\t<\/div>\n\t\t\t\t<\/div>\n\t\t\t\t<div class=\"elementor-element elementor-element-e1692a6 elementor-widget elementor-widget-bzotech-heading-global\" data-id=\"e1692a6\" data-element_type=\"widget\" data-widget_type=\"bzotech-heading-global.default\">\n\t\t\t\t<div class=\"elementor-widget-container\">\n\t\t\t\t\t<h2 class=\"  container-flex-e elbzotech-heading-global font-title text-css-e font-semibold  title48 color-title elbzotech-heading-global-style1\">Direcci\u00f3n<span class=\"type-title_shadow\"><\/span><\/h2>\t\t\t\t<\/div>\n\t\t\t\t<\/div>\n\t\t\t\t<div class=\"elementor-element elementor-element-c07fb60 elementor-widget elementor-widget-bzotech-heading-global\" data-id=\"c07fb60\" data-element_type=\"widget\" data-widget_type=\"bzotech-heading-global.default\">\n\t\t\t\t<div class=\"elementor-widget-container\">\n\t\t\t\t\t<div class=\"elbzotech-text-editor-global text-css-e \"><p>\u00a0Carrera 4 # 18-50 oficina.1407 Torre a Edificio Procoil. Bogot\u00e1 Colombia.<\/p><\/div>\t\t\t\t<\/div>\n\t\t\t\t<\/div>\n\t\t\t\t<div class=\"elementor-element elementor-element-c6ad5d7 elementor-widget elementor-widget-spacer\" data-id=\"c6ad5d7\" data-element_type=\"widget\" data-widget_type=\"spacer.default\">\n\t\t\t\t\t\t\t<div class=\"elementor-spacer\">\n\t\t\t<div class=\"elementor-spacer-inner\"><\/div>\n\t\t<\/div>\n\t\t\t\t\t\t<\/div>\n\t\t<div class=\"elementor-element elementor-element-3faac2c e-con-full e-flex e-con e-child\" data-id=\"3faac2c\" data-element_type=\"container\">\n\t\t<div class=\"elementor-element elementor-element-88e2222 e-con-full e-flex e-con e-child\" data-id=\"88e2222\" data-element_type=\"container\">\n\t\t\t\t<div class=\"elementor-element elementor-element-4bba363 elementor-widget elementor-widget-bzotech-heading-global\" data-id=\"4bba363\" data-element_type=\"widget\" data-widget_type=\"bzotech-heading-global.default\">\n\t\t\t\t<div class=\"elementor-widget-container\">\n\t\t\t\t\t<h2 class=\"  container-flex-e elbzotech-heading-global font-title text-css-e font-semibold  title48 color-title elbzotech-heading-global-style1\">Tel\u00e9fono<span class=\"type-title_shadow\"><\/span><\/h2>\t\t\t\t<\/div>\n\t\t\t\t<\/div>\n\t\t\t\t<div class=\"elementor-element elementor-element-1ace132 elementor-widget elementor-widget-bzotech-heading-global\" data-id=\"1ace132\" data-element_type=\"widget\" data-widget_type=\"bzotech-heading-global.default\">\n\t\t\t\t<div class=\"elementor-widget-container\">\n\t\t\t\t\t<div class=\"elbzotech-text-editor-global text-css-e \"><p><a href=\"tel:3115922532\">+57 311 592 2532<\/a><\/p><\/div>\t\t\t\t<\/div>\n\t\t\t\t<\/div>\n\t\t\t\t<\/div>\n\t\t<div class=\"elementor-element elementor-element-01995b3 e-con-full e-flex e-con e-child\" data-id=\"01995b3\" data-element_type=\"container\">\n\t\t\t\t<div class=\"elementor-element elementor-element-50932e0 elementor-widget elementor-widget-bzotech-heading-global\" data-id=\"50932e0\" data-element_type=\"widget\" data-widget_type=\"bzotech-heading-global.default\">\n\t\t\t\t<div class=\"elementor-widget-container\">\n\t\t\t\t\t<h2 class=\"  container-flex-e elbzotech-heading-global font-title text-css-e font-semibold  title48 color-title elbzotech-heading-global-style1\">Correo electr\u00f3nico<span class=\"type-title_shadow\"><\/span><\/h2>\t\t\t\t<\/div>\n\t\t\t\t<\/div>\n\t\t\t\t<div class=\"elementor-element elementor-element-8dbce9f elementor-widget elementor-widget-bzotech-heading-global\" data-id=\"8dbce9f\" data-element_type=\"widget\" data-widget_type=\"bzotech-heading-global.default\">\n\t\t\t\t<div class=\"elementor-widget-container\">\n\t\t\t\t\t<div class=\"elbzotech-text-editor-global text-css-e \"><p><a href=\"mailto:info@solocosas.com\">info@solocosas.com<\/a><\/p><\/div>\t\t\t\t<\/div>\n\t\t\t\t<\/div>\n\t\t\t\t<\/div>\n\t\t\t\t<\/div>\n\t\t\t\t<\/div>\n\t\t<div class=\"elementor-element elementor-element-d373e9b e-con-full e-flex e-con e-child\" data-id=\"d373e9b\" data-element_type=\"container\">\n\t\t\t\t<div class=\"elementor-element elementor-element-05b1226 elementor-widget elementor-widget-wpforms\" data-id=\"05b1226\" data-element_type=\"widget\" data-widget_type=\"wpforms.default\">\n\t\t\t\t<div class=\"elementor-widget-container\">\n\t\t\t\t\t<div class=\"wpforms-container wpforms-container-full wpforms-render-modern\" id=\"wpforms-26\"><form id=\"wpforms-form-26\" class=\"wpforms-validate wpforms-form\" data-formid=\"26\" method=\"post\" enctype=\"multipart\/form-data\" action=\"\/webn\/wp-json\/wp\/v2\/pages\/3788\" data-token=\"2fad191d12be99f40facf34b1c947dd8\" data-token-time=\"1778155100\"><noscript class=\"wpforms-error-noscript\">Por favor, activa JavaScript en tu navegador para completar este formulario.<\/noscript><div id=\"wpforms-error-noscript\" style=\"display: none;\">Por favor, activa JavaScript en tu navegador para completar este formulario.<\/div><div class=\"wpforms-field-container\"><div id=\"wpforms-26-field_0-container\" class=\"wpforms-field wpforms-field-name\" data-field-id=\"0\"><fieldset><legend class=\"wpforms-field-label\">Nombre <span class=\"wpforms-required-label\" aria-hidden=\"true\">*<\/span><\/legend><div class=\"wpforms-field-row wpforms-field-medium\"><div class=\"wpforms-field-row-block wpforms-first wpforms-one-half\"><input type=\"text\" id=\"wpforms-26-field_0\" class=\"wpforms-field-name-first wpforms-field-required\" name=\"wpforms[fields][0][first]\" aria-errormessage=\"wpforms-26-field_0-error\" required><label for=\"wpforms-26-field_0\" class=\"wpforms-field-sublabel after\">Nombre<\/label><\/div><div class=\"wpforms-field-row-block wpforms-one-half\"><input type=\"text\" id=\"wpforms-26-field_0-last\" class=\"wpforms-field-name-last wpforms-field-required\" name=\"wpforms[fields][0][last]\" aria-errormessage=\"wpforms-26-field_0-last-error\" required><label for=\"wpforms-26-field_0-last\" class=\"wpforms-field-sublabel after\">Apellidos<\/label><\/div><\/div><\/fieldset><\/div><div id=\"wpforms-26-field_1-container\" class=\"wpforms-field wpforms-field-email\" data-field-id=\"1\"><label class=\"wpforms-field-label\" for=\"wpforms-26-field_1\">Correo electr\u00f3nico <span class=\"wpforms-required-label\" aria-hidden=\"true\">*<\/span><\/label><input type=\"email\" id=\"wpforms-26-field_1\" class=\"wpforms-field-medium wpforms-field-required\" name=\"wpforms[fields][1]\" spellcheck=\"false\" aria-errormessage=\"wpforms-26-field_1-error\" required><\/div><div id=\"wpforms-26-field_2-container\" class=\"wpforms-field wpforms-field-textarea\" data-field-id=\"2\"><label class=\"wpforms-field-label\" for=\"wpforms-26-field_2\">Comentario o mensaje <span class=\"wpforms-required-label\" aria-hidden=\"true\">*<\/span><\/label><textarea id=\"wpforms-26-field_2\" class=\"wpforms-field-medium wpforms-field-required\" name=\"wpforms[fields][2]\" aria-errormessage=\"wpforms-26-field_2-error\" required><\/textarea><\/div><\/div><!-- .wpforms-field-container --><div class=\"wpforms-submit-container\" ><input type=\"hidden\" name=\"wpforms[id]\" value=\"26\"><input type=\"hidden\" name=\"page_title\" value=\"\"><input type=\"hidden\" name=\"page_url\" value=\"https:\/\/solocosas.com\/webn\/wp-json\/wp\/v2\/pages\/3788\"><input type=\"hidden\" name=\"url_referer\" value=\"\"><button type=\"submit\" name=\"wpforms[submit]\" id=\"wpforms-submit-26\" class=\"wpforms-submit\" data-alt-text=\"Enviando...\" data-submit-text=\"Enviar\" aria-live=\"assertive\" value=\"wpforms-submit\">Enviar<\/button><\/div><\/form><\/div>  <!-- .wpforms-container -->\t\t\t\t<\/div>\n\t\t\t\t<\/div>\n\t\t\t\t<\/div>\n\t\t\t\t\t<\/div>\n\t\t\t\t<\/div>\n\t\t<div class=\"elementor-element elementor-element-b89afdd e-flex e-con-boxed e-con e-parent\" data-id=\"b89afdd\" data-element_type=\"container\" id=\"map\">\n\t\t\t\t\t<div class=\"e-con-inner\">\n\t\t<div class=\"elementor-element elementor-element-0aaddcf e-con-full e-flex e-con e-child\" data-id=\"0aaddcf\" data-element_type=\"container\">\n\t\t\t\t<div class=\"elementor-element elementor-element-970b7e9 elementor-widget elementor-widget-google_maps\" data-id=\"970b7e9\" data-element_type=\"widget\" data-widget_type=\"google_maps.default\">\n\t\t\t\t\t\t\t<div class=\"elementor-custom-embed\">\n\t\t\t<iframe loading=\"lazy\"\n\t\t\t\t\tsrc=\"https:\/\/maps.google.com\/maps?q=%C2%A0Carrera%204%20%23%2018-50%20oficina.1407%20Torre%20a%20Edificio%20Procoil.%20Bogot%C3%A1%20Colombia.&#038;t=m&#038;z=16&#038;output=embed&#038;iwloc=near\"\n\t\t\t\t\ttitle=\"\u00a0Carrera 4 # 18-50 oficina.1407 Torre a Edificio Procoil. Bogot\u00e1 Colombia.\"\n\t\t\t\t\taria-label=\"\u00a0Carrera 4 # 18-50 oficina.1407 Torre a Edificio Procoil. Bogot\u00e1 Colombia.\"\n\t\t\t><\/iframe>\n\t\t<\/div>\n\t\t\t\t\t\t<\/div>\n\t\t\t\t<\/div>\n\t\t\t\t\t<\/div>\n\t\t\t\t<\/div>\n\t\t<div class=\"elementor-element elementor-element-a99c9ab e-flex e-con-boxed e-con e-parent\" data-id=\"a99c9ab\" data-element_type=\"container\">\n\t\t\t\t\t<div class=\"e-con-inner\">\n\t\t\t\t<div class=\"elementor-element elementor-element-bf1a2d1 elementor-widget elementor-widget-bzotech-account-global\" data-id=\"bf1a2d1\" data-element_type=\"widget\" data-widget_type=\"bzotech-account-global.default\">\n\t\t\t\t<div class=\"elementor-widget-container\">\n\t\t\t\t\t\t\t<div class=\"elbzotech-account-manager-global js-account-popup elbzotech-dropdown-box elbzotech-account-global-default\">\r\n\t\t\t\r\n\t\t\t<div class=\"button-account-e button-account-manager  \"><a title=\"\" class=\"title-account-e\" href=\"#\">\t\t\t\t<i aria-hidden=\"true\" class=\"item-icon-e flex-wrapper fas fa-user\"><\/i>\t\t\t<\/a>\r\n<\/div>\t\t\t  \t<div class=\"login-popup-content-wrap elbzotech-popup-overlay\">\r\n\t\t\t  \t\t\r\n\t                <div class=\"elbzotech-login-popup-content bzotech-scrollbar\">\r\n\t                \t<i class=\"la la-close elbzotech-close-popup\"><\/i>\r\n\t                    <input type=\"hidden\" name=\"popup-form-account-ajax-nonce\" class=\"popup-form-account-ajax-nonce\" value=\"4b9da8350c\" \/>        <div class=\"elbzotech-login-form popup-form active\">\r\n            <div class=\"form-header\">\r\n                <h2>Signo En<\/h2>\r\n                \r\n                <div class=\"message ms-done ms-default\">El registro completo. Por favor revise su correo electr\u00f3nico.<\/div>\r\n            <\/div>\r\n            <form name=\"loginform\" id=\"loginform\" action=\"https:\/\/solocosas.com\/webn\/wp-login.php\" method=\"post\">\r\n                                <div class=\"form-field\">\r\n                    <input placeholder=\"Nombre de usuario o Direcci\u00f3n de Correo electr\u00f3nico\" type=\"text\" name=\"log\" id=\"user_login\" class=\"input\" size=\"20\" autocomplete=\"off\"\/>\r\n                <\/div>\r\n                <div class=\"form-field password-input\">\r\n                \t<input placeholder=\"Contrase\u00f1a\" type=\"password\" name=\"pwd\" id=\"user_pass\" class=\"input\" value=\"\" size=\"20\" autocomplete=\"off\"\/>\r\n                \t\r\n                <\/div>\r\n                <div class=\"extra-field\">\r\n                                    <\/div>\r\n                \r\n                <div class=\"submit\">\r\n                    <input type=\"submit\" name=\"wp-submit\" class=\"elbzotech-bt-default elbzotech-bt-full\" value=\"Signo En\" \/>\r\n                    <input type=\"hidden\" name=\"redirect_to1\" value=\"https:\/\/solocosas.com\/webn\/\" \/>\r\n                <\/div>\r\n                <div class=\"nav-form flex-wrapper justify_content-space-between align_items-center\">\r\n                \t<div class=\"forgetmenot\">\r\n\t                    <input name=\"rememberme\" type=\"checkbox\" id=\"remembermep\" value=\"forever\" \/>\r\n\t                    <label class=\"rememberme\" for=\"remembermep\">Acu\u00e9rdate De M\u00ed<\/label>\r\n\t                <\/div>\r\n\t                <div class=\"registerform-lost-pass\">\r\n\t\t                <a href=\"#lostpasswordform\" class=\"popup-redirect lostpass-link\">Perdido tu contrase\u00f1a?<\/a>\t\t            <\/div>\r\n\t            <\/div>\r\n                \r\n                            <\/form>\r\n            \r\n        <\/div>\r\n        <input type=\"hidden\" name=\"popup-form-account-ajax-nonce\" class=\"popup-form-account-ajax-nonce\" value=\"4b9da8350c\" \/>        <div class=\"elbzotech-register-form popup-form\">\r\n            <div class=\"form-header\">\r\n                <h2>Crear una cuenta<\/h2>\r\n                <div class=\"message login_error ms-error ms-default\">El nombre de usuario o direcci\u00f3n de correo electr\u00f3nico no es correcta.<\/div>\r\n                \r\n            <\/div>\r\n            <form name=\"registerform\" id=\"registerform\" action=\"https:\/\/solocosas.com\/webn\/wp-login.php?action=register\" method=\"post\" novalidate=\"novalidate\">\r\n                                <div class=\"form-field\">\r\n                    <input placeholder=\"Nombre de usuario\" type=\"text\" name=\"user_login\" id=\"user_loginr\" class=\"input\" value=\"\" size=\"20\" autocomplete=\"off\"\/>\r\n                <\/div>\r\n                <div class=\"form-field\">\r\n                    <input placeholder=\"Correo electr\u00f3nico\" type=\"email\" name=\"user_email\" id=\"user_email\" class=\"input\" value=\"\" size=\"25\" autocomplete=\"off\"\/>\r\n                <\/div>\r\n                                <div class=\"extra-field\">\r\n                    <wc-order-attribution-inputs><\/wc-order-attribution-inputs><div class=\"woocommerce-privacy-policy-text\"><p>Your personal data will be used to support your experience throughout this website, to manage access to your account, and for other purposes described in our <a href=\"https:\/\/solocosas.com\/webn\/?page_id=3\" class=\"woocommerce-privacy-policy-link\" target=\"_blank\">pol\u00edtica de privacidad<\/a>.<\/p>\n<\/div>                    <input type=\"hidden\" name=\"redirect_to1\" value=\"https:\/\/solocosas.com\/webn\/tipoink-wp\/\" \/>\r\n                <\/div>                \r\n                                    <div id=\"reg_passmail\">\r\n                        Confirmaci\u00f3n de la inscripci\u00f3n ser\u00e1 enviada por correo electr\u00f3nico.                    <\/div>\r\n                                <div class=\"submit\"><input type=\"submit\" name=\"wp-submit\" class=\"elbzotech-bt-default elbzotech-bt-full\" value=\"Registro\" \/><\/div>\r\n                            <\/form>\r\n\r\n            <div class=\"nav-form\">\r\n                <a href=\"#loginform\" class=\"popup-redirect login-link\">Registro en<\/a>\r\n                <a href=\"#lostpasswordform\" class=\"popup-redirect lostpass-link\">Perdido tu contrase\u00f1a?<\/a>\r\n            <\/div>\r\n        <\/div>\r\n        <input type=\"hidden\" name=\"popup-form-account-ajax-nonce\" class=\"popup-form-account-ajax-nonce\" value=\"4b9da8350c\" \/>        <div class=\"elbzotech-lostpass-form popup-form\">\r\n            <div class=\"form-header\">\r\n                <h2>Para restablecer la contrase\u00f1a<\/h2>\r\n                <div class=\"message ms-default ms-done\">De restablecimiento de contrase\u00f1a de correo electr\u00f3nico ha sido enviado.<\/div>\r\n                <div class=\"message login_error ms-error ms-default\">El correo electr\u00f3nico no se pudo enviar. Posible raz\u00f3n: el host puede tener deshabilitada la funci\u00f3n de correo electr\u00f3nico.<\/div>\r\n            <\/div>\r\n            <form name=\"lostpasswordform\" id=\"lostpasswordform\" action=\"https:\/\/solocosas.com\/webn\/wp-login.php?action=lostpassword\" method=\"post\">\r\n                <div class=\"form-field\">\r\n                    <input placeholder=\"Nombre de usuario o Direcci\u00f3n de Correo electr\u00f3nico\" type=\"text\" name=\"user_login\" id=\"user_loginlp\" class=\"input\" value=\"\" size=\"20\" autocomplete=\"off\"\/>\r\n                <\/div>\r\n                <div class=\"extra-field\">\r\n                                        <input type=\"hidden\" name=\"redirect_to1\" value=\"https:\/\/solocosas.com\/webn\/\" \/>\r\n                <\/div>\r\n                <div class=\"submit\"><input type=\"submit\" name=\"wp-submit\" class=\"elbzotech-bt-default elbzotech-bt-full\" value=\"Obtener Nueva Contrase\u00f1a\" \/><\/div>\r\n                <div class=\"desc note\">Una contrase\u00f1a ser\u00e1 enviada por correo electr\u00f3nico a usted.<\/div>\r\n            <\/form>\r\n\r\n            <div class=\"nav-form\">\r\n                <a href=\"#loginform\" class=\"popup-redirect login-link\">Registro en<\/a>\r\n                            <\/div>\r\n        <\/div>\r\n        \t                <\/div>\r\n\t                <div class=\"popup-overlay\"><\/div>\r\n\t            <\/div>\r\n\t\t\t\t\t<\/div>\r\n\t\t\t\t\t\t<\/div>\n\t\t\t\t<\/div>\n\t\t\t\t\t<\/div>\n\t\t\t\t<\/div>\n\t\t\t\t<\/div>\n\t\t","protected":false},"excerpt":{"rendered":"<p>Casa Ponte en Contacto con Nosotros \u00a1Nos encantar\u00eda saber de ti! Estamos disponibles de lunes a viernes de 9:00 am &#8211; 6:00 pm. Direcci\u00f3n \u00a0Carrera 4 # 18-50 oficina.1407 Torre a Edificio Procoil. Bogot\u00e1 Colombia. Tel\u00e9fono +57 311 592 2532 Correo electr\u00f3nico info@solocosas.com Por favor, activa JavaScript en tu navegador para completar este formulario.Por favor, [&hellip;]<\/p>\n","protected":false},"author":1,"featured_media":0,"parent":0,"menu_order":0,"comment_status":"closed","ping_status":"closed","template":"elementor-template.php","meta":{"footnotes":""},"class_list":["post-3788","page","type-page","status-publish","hentry"],"aioseo_notices":[],"_links":{"self":[{"href":"https:\/\/solocosas.com\/webn\/wp-json\/wp\/v2\/pages\/3788","targetHints":{"allow":["GET"]}}],"collection":[{"href":"https:\/\/solocosas.com\/webn\/wp-json\/wp\/v2\/pages"}],"about":[{"href":"https:\/\/solocosas.com\/webn\/wp-json\/wp\/v2\/types\/page"}],"author":[{"embeddable":true,"href":"https:\/\/solocosas.com\/webn\/wp-json\/wp\/v2\/users\/1"}],"replies":[{"embeddable":true,"href":"https:\/\/solocosas.com\/webn\/wp-json\/wp\/v2\/comments?post=3788"}],"version-history":[{"count":0,"href":"https:\/\/solocosas.com\/webn\/wp-json\/wp\/v2\/pages\/3788\/revisions"}],"wp:attachment":[{"href":"https:\/\/solocosas.com\/webn\/wp-json\/wp\/v2\/media?parent=3788"}],"curies":[{"name":"wp","href":"https:\/\/api.w.org\/{rel}","templated":true}]}}